{"id":2088,"date":"2023-09-12T08:53:53","date_gmt":"2023-09-12T08:53:53","guid":{"rendered":"https:\/\/senioren-apps.de\/wordpress\/?page_id=2088"},"modified":"2023-09-12T08:53:55","modified_gmt":"2023-09-12T08:53:55","slug":"sicherheit-2","status":"publish","type":"page","link":"https:\/\/senioren-apps.de\/wordpress\/?page_id=2088","title":{"rendered":"Sicherheit.\u200d"},"content":{"rendered":"\n<p>Wir legen h\u00f6chsten Wert auf den Schutz und die Sicherheit Ihrer sensiblen Daten. Die Notfallkarte wird nach den strengen datenschutzrechtlichen Vorschriften verarbeitet und alle Informationen werden vertraulich behandelt. Wir verwenden sichere Verschl\u00fcsselungstechnologien, um den Zugriff auf die Daten zu sch\u00fctzen, und gew\u00e4hrleisten eine sichere Speicherung in gesch\u00fctzten Systemen. Unsere Partner-Apotheken sind ebenfalls verpflichtet, alle Datenschutzbestimmungen einzuhalten, um die Sicherheit Ihrer Informationen zu gew\u00e4hrleisten. Ihre Privatsph\u00e4re und der Schutz Ihrer sensiblen Daten stehen f\u00fcr uns an erster Stelle.<\/p>\n\n\n\n<p><img decoding=\"async\" src=\"https:\/\/uploads-ssl.webflow.com\/6442b104f6ca3d5bf969b619\/645a1a1484b9a49894029598_notfallkarte-checked.svg\" width=\"30\" alt=\"Notfallkarte Ja\"><\/p>\n\n\n\n<p>Hosting in ISO\/IES 27001 zertifiziertem Datencenter in N\u00fcrnberg. Die Daten verlassen nie deutschen Boden.<\/p>\n\n\n\n<p><img decoding=\"async\" src=\"https:\/\/uploads-ssl.webflow.com\/6442b104f6ca3d5bf969b619\/645a1a1484b9a49894029598_notfallkarte-checked.svg\" width=\"30\" alt=\"Notfallkarte Ja\"><\/p>\n\n\n\n<p>Alle Kundendaten sind auf Datenbanken in privatem Netzwerk gespeichert und im ruhenden Zustand (d.h. auf der Festplatte) mit AES-256 verschl\u00fcsselt.<\/p>\n\n\n\n<p><img decoding=\"async\" src=\"https:\/\/uploads-ssl.webflow.com\/6442b104f6ca3d5bf969b619\/645a1a1484b9a49894029598_notfallkarte-checked.svg\" width=\"30\" alt=\"Notfallkarte Ja\"><\/p>\n\n\n\n<p>Der komplette Datenverkehr zwischen Anwendungen wie der App in der Apotheke oder der Website und unseren Servern ist SSL-verschl\u00fcsselt.<\/p>\n\n\n\n<h1 class=\"wp-block-heading\">Die Daten, die wir erheben und speichern<\/h1>\n\n\n\n<p>Einige Daten sind direkt auf der Karte sichtbar und andere Daten k\u00f6nnen nur durch Scan des Notfall QR-Codes abgerufen werden. Dabei entscheidet jede Person selbst, wie viele zus\u00e4tzliche Daten sie angeben m\u00f6chte. Nachfolgend listen wir alle Daten, die angegeben werden k\u00f6nnen, auf.<\/p>\n\n\n\n<p><strong>Notfall-Stammdaten (auf der Notfallkarte)<\/strong><\/p>\n\n\n\n<ul class=\"wp-block-list\">\n<li><strong>Vorname<\/strong>&nbsp;| Ben\u00f6tigt<\/li>\n\n\n\n<li><strong>Nachname<\/strong>&nbsp;| Ben\u00f6tigt<\/li>\n\n\n\n<li><strong>Notfallkontakt&nbsp;<\/strong>| Ben\u00f6tigt (Name + Telefonnummer)<br><strong>Notfallinformationen&nbsp;<\/strong>| Optional (Freie Eingabe, Max. 90 Zeichen bzw. 3 Zeilen)<br><strong>Notfallhinweise&nbsp;<\/strong>| Optional (Freie Eingabe, Max. 60 Zeichen bzw. 2 Zeilen)<\/li>\n<\/ul>\n\n\n\n<p><strong>Weitere digital verf\u00fcgbare Daten (auf der Notfallseite)<\/strong><\/p>\n\n\n\n<ul class=\"wp-block-list\">\n<li><strong>Notfall-Stammdaten&nbsp;<\/strong>| Ben\u00f6tigt (auf der Notfallkarte)<\/li>\n\n\n\n<li><strong>Pers\u00f6nliche Daten<\/strong><br><strong>E-Mail&nbsp;<\/strong>| Ben\u00f6tigt<br><strong>Geburtsdatum&nbsp;<\/strong>| Ben\u00f6tigt<br><strong>Gewicht&nbsp;<\/strong>| Optional<strong>Gr\u00f6\u00dfe&nbsp;<\/strong>| Optional<strong>Prim\u00e4rsprache&nbsp;<\/strong>| Optional<\/li>\n\n\n\n<li><strong>Stra\u00dfe&nbsp;<\/strong>| Ben\u00f6tigt<br><strong>Hausnummer<\/strong>&nbsp;| Ben\u00f6tigt<\/li>\n\n\n\n<li><strong>Postleitzahl<\/strong>&nbsp;| Ben\u00f6tigt<\/li>\n\n\n\n<li><strong>Stadt<\/strong>&nbsp;| Ben\u00f6tigt<\/li>\n\n\n\n<li><strong>Land<\/strong>&nbsp;| Ben\u00f6tigt<br><strong>Weitere Daten<\/strong><br><strong>Blutgruppe inkl. Rhesusfaktor&nbsp;<\/strong>| Optional<br><strong>Kontakt Hausarzt&nbsp;<\/strong>| Optional (Name + Telefonnummer)<br><strong>Organspendeausweis&nbsp;<\/strong>| Optional<\/li>\n<\/ul>\n\n\n\n<p>Alle unsere Datenbanken werden standardgem\u00e4\u00df durch den Cloud-Anbieter verschl\u00fcsselt. Zus\u00e4tzlich verschl\u00fcsseln wir bestimmte Datenpunkte, die oben als (Verschl\u00fcsselt) gekennzeichnet sind, dar\u00fcber hinaus auf Anwendungsebene. Das hei\u00dft, wenn es jemandem gel\u00e4nge, einen unverschl\u00fcsselten Auszug unserer Datenbank zu stehlen, w\u00fcrde er diese Felder trotzdem nicht lesen k\u00f6nnen.<br><br>Wie Du sehen kannst, verschl\u00fcsseln wir fast alle pers\u00f6nlichen Kundendaten, abgesehen von der Adresse und dem Geburtsdatum. Dies erlaubt uns, die medizinischen Daten effektiv von den pers\u00f6nlichen Daten (<a href=\"https:\/\/www.hhs.gov\/hipaa\/for-professionals\/privacy\/special-topics\/de-identification\/index.html\" target=\"_blank\" rel=\"noreferrer noopener\">Mehr Infos<\/a>) einer Person zu de-identifizieren. Wenn jemand die Datenbank stehlen w\u00fcrde, w\u00e4re er also nicht in der Lage, die medizinischen Daten mit hinreichender Wahrscheinlichkeit den Kundeninformationen zuzuordnen.<\/p>\n\n\n\n<h1 class=\"wp-block-heading\">Die Notfallkarte<\/h1>\n\n\n\n<p>Auf der R\u00fcckseite der Notfallkarte wird der Vor- und Nachname des Kartentr\u00e4gers und die pers\u00f6nliche Kundennummer gedruckt. Zus\u00e4tzlich sind hier der Notfallkontakt, dringende Informationen und pers\u00f6nliche Hinweise zu finden. Der QR-Code auf der R\u00fcckseite kann mit jedem beliebigen Mobilger\u00e4t mit Kamerafunktion gelesen werden. Man wird dann auf die Detailseite weitergeleitet.<br><br>Solltest du die Notfallkarte verlieren, gib uns gerne Bescheid und wir sperren den QR-Code. So kann niemand die Daten einsehen.<\/p>\n","protected":false},"excerpt":{"rendered":"<p>Wir legen h\u00f6chsten Wert auf den Schutz und die Sicherheit Ihrer sensiblen Daten. Die Notfallkarte wird nach den strengen datenschutzrechtlichen Vorschriften verarbeitet und alle Informationen werden vertraulich behandelt. Wir verwenden &#8230;<\/p>\n","protected":false},"author":1,"featured_media":0,"parent":0,"menu_order":0,"comment_status":"closed","ping_status":"closed","template":"","meta":{"om_disable_all_campaigns":false,"_monsterinsights_skip_tracking":false,"_monsterinsights_sitenote_active":false,"_monsterinsights_sitenote_note":"","_monsterinsights_sitenote_category":0,"_uf_show_specific_survey":0,"_uf_disable_surveys":false,"footnotes":""},"class_list":["post-2088","page","type-page","status-publish","hentry"],"aioseo_notices":[],"yoast_head":"<!-- This site is optimized with the Yoast SEO plugin v23.6 - https:\/\/yoast.com\/wordpress\/plugins\/seo\/ -->\n<title>Sicherheit.\u200d - FitBodyCare-Tablet<\/title>\n<meta name=\"robots\" content=\"index, follow, max-snippet:-1, max-image-preview:large, max-video-preview:-1\" \/>\n<link rel=\"canonical\" href=\"https:\/\/senioren-apps.de\/wordpress\/?page_id=2088\" \/>\n<meta property=\"og:locale\" content=\"en_US\" \/>\n<meta property=\"og:type\" content=\"article\" \/>\n<meta property=\"og:title\" content=\"Sicherheit.\u200d - FitBodyCare-Tablet\" \/>\n<meta property=\"og:description\" content=\"Wir legen h\u00f6chsten Wert auf den Schutz und die Sicherheit Ihrer sensiblen Daten. Die Notfallkarte wird nach den strengen datenschutzrechtlichen Vorschriften verarbeitet und alle Informationen werden vertraulich behandelt. Wir verwenden ...\" \/>\n<meta property=\"og:url\" content=\"https:\/\/senioren-apps.de\/wordpress\/?page_id=2088\" \/>\n<meta property=\"og:site_name\" content=\"FitBodyCare-Tablet\" \/>\n<meta property=\"article:modified_time\" content=\"2023-09-12T08:53:55+00:00\" \/>\n<meta property=\"og:image\" content=\"https:\/\/uploads-ssl.webflow.com\/6442b104f6ca3d5bf969b619\/645a1a1484b9a49894029598_notfallkarte-checked.svg\" \/>\n<meta name=\"twitter:card\" content=\"summary_large_image\" \/>\n<meta name=\"twitter:label1\" content=\"Est. reading time\" \/>\n\t<meta name=\"twitter:data1\" content=\"3 minutes\" \/>\n<script type=\"application\/ld+json\" class=\"yoast-schema-graph\">{\"@context\":\"https:\/\/schema.org\",\"@graph\":[{\"@type\":\"WebPage\",\"@id\":\"https:\/\/senioren-apps.de\/wordpress\/?page_id=2088\",\"url\":\"https:\/\/senioren-apps.de\/wordpress\/?page_id=2088\",\"name\":\"Sicherheit.\u200d - FitBodyCare-Tablet\",\"isPartOf\":{\"@id\":\"https:\/\/senioren-apps.de\/wordpress\/#website\"},\"primaryImageOfPage\":{\"@id\":\"https:\/\/senioren-apps.de\/wordpress\/?page_id=2088#primaryimage\"},\"image\":{\"@id\":\"https:\/\/senioren-apps.de\/wordpress\/?page_id=2088#primaryimage\"},\"thumbnailUrl\":\"https:\/\/uploads-ssl.webflow.com\/6442b104f6ca3d5bf969b619\/645a1a1484b9a49894029598_notfallkarte-checked.svg\",\"datePublished\":\"2023-09-12T08:53:53+00:00\",\"dateModified\":\"2023-09-12T08:53:55+00:00\",\"breadcrumb\":{\"@id\":\"https:\/\/senioren-apps.de\/wordpress\/?page_id=2088#breadcrumb\"},\"inLanguage\":\"en-US\",\"potentialAction\":[{\"@type\":\"ReadAction\",\"target\":[\"https:\/\/senioren-apps.de\/wordpress\/?page_id=2088\"]}]},{\"@type\":\"ImageObject\",\"inLanguage\":\"en-US\",\"@id\":\"https:\/\/senioren-apps.de\/wordpress\/?page_id=2088#primaryimage\",\"url\":\"https:\/\/uploads-ssl.webflow.com\/6442b104f6ca3d5bf969b619\/645a1a1484b9a49894029598_notfallkarte-checked.svg\",\"contentUrl\":\"https:\/\/uploads-ssl.webflow.com\/6442b104f6ca3d5bf969b619\/645a1a1484b9a49894029598_notfallkarte-checked.svg\"},{\"@type\":\"BreadcrumbList\",\"@id\":\"https:\/\/senioren-apps.de\/wordpress\/?page_id=2088#breadcrumb\",\"itemListElement\":[{\"@type\":\"ListItem\",\"position\":1,\"name\":\"Home\",\"item\":\"https:\/\/senioren-apps.de\/wordpress\/\"},{\"@type\":\"ListItem\",\"position\":2,\"name\":\"Sicherheit.\u200d\"}]},{\"@type\":\"WebSite\",\"@id\":\"https:\/\/senioren-apps.de\/wordpress\/#website\",\"url\":\"https:\/\/senioren-apps.de\/wordpress\/\",\"name\":\"FitBodyCare-Tablet\",\"description\":\"Senioren Tablet\",\"publisher\":{\"@id\":\"https:\/\/senioren-apps.de\/wordpress\/#organization\"},\"potentialAction\":[{\"@type\":\"SearchAction\",\"target\":{\"@type\":\"EntryPoint\",\"urlTemplate\":\"https:\/\/senioren-apps.de\/wordpress\/?s={search_term_string}\"},\"query-input\":{\"@type\":\"PropertyValueSpecification\",\"valueRequired\":true,\"valueName\":\"search_term_string\"}}],\"inLanguage\":\"en-US\"},{\"@type\":\"Organization\",\"@id\":\"https:\/\/senioren-apps.de\/wordpress\/#organization\",\"name\":\"FitBodyCare-Tablet\",\"url\":\"https:\/\/senioren-apps.de\/wordpress\/\",\"logo\":{\"@type\":\"ImageObject\",\"inLanguage\":\"en-US\",\"@id\":\"https:\/\/senioren-apps.de\/wordpress\/#\/schema\/logo\/image\/\",\"url\":\"https:\/\/senioren-apps.de\/wordpress\/wp-content\/uploads\/2023\/07\/logo_fitbody_care_100.png\",\"contentUrl\":\"https:\/\/senioren-apps.de\/wordpress\/wp-content\/uploads\/2023\/07\/logo_fitbody_care_100.png\",\"width\":457,\"height\":100,\"caption\":\"FitBodyCare-Tablet\"},\"image\":{\"@id\":\"https:\/\/senioren-apps.de\/wordpress\/#\/schema\/logo\/image\/\"}}]}<\/script>\n<!-- \/ Yoast SEO plugin. -->","yoast_head_json":{"title":"Sicherheit.\u200d - FitBodyCare-Tablet","robots":{"index":"index","follow":"follow","max-snippet":"max-snippet:-1","max-image-preview":"max-image-preview:large","max-video-preview":"max-video-preview:-1"},"canonical":"https:\/\/senioren-apps.de\/wordpress\/?page_id=2088","og_locale":"en_US","og_type":"article","og_title":"Sicherheit.\u200d - FitBodyCare-Tablet","og_description":"Wir legen h\u00f6chsten Wert auf den Schutz und die Sicherheit Ihrer sensiblen Daten. Die Notfallkarte wird nach den strengen datenschutzrechtlichen Vorschriften verarbeitet und alle Informationen werden vertraulich behandelt. Wir verwenden ...","og_url":"https:\/\/senioren-apps.de\/wordpress\/?page_id=2088","og_site_name":"FitBodyCare-Tablet","article_modified_time":"2023-09-12T08:53:55+00:00","og_image":[{"url":"https:\/\/uploads-ssl.webflow.com\/6442b104f6ca3d5bf969b619\/645a1a1484b9a49894029598_notfallkarte-checked.svg"}],"twitter_card":"summary_large_image","twitter_misc":{"Est. reading time":"3 minutes"},"schema":{"@context":"https:\/\/schema.org","@graph":[{"@type":"WebPage","@id":"https:\/\/senioren-apps.de\/wordpress\/?page_id=2088","url":"https:\/\/senioren-apps.de\/wordpress\/?page_id=2088","name":"Sicherheit.\u200d - FitBodyCare-Tablet","isPartOf":{"@id":"https:\/\/senioren-apps.de\/wordpress\/#website"},"primaryImageOfPage":{"@id":"https:\/\/senioren-apps.de\/wordpress\/?page_id=2088#primaryimage"},"image":{"@id":"https:\/\/senioren-apps.de\/wordpress\/?page_id=2088#primaryimage"},"thumbnailUrl":"https:\/\/uploads-ssl.webflow.com\/6442b104f6ca3d5bf969b619\/645a1a1484b9a49894029598_notfallkarte-checked.svg","datePublished":"2023-09-12T08:53:53+00:00","dateModified":"2023-09-12T08:53:55+00:00","breadcrumb":{"@id":"https:\/\/senioren-apps.de\/wordpress\/?page_id=2088#breadcrumb"},"inLanguage":"en-US","potentialAction":[{"@type":"ReadAction","target":["https:\/\/senioren-apps.de\/wordpress\/?page_id=2088"]}]},{"@type":"ImageObject","inLanguage":"en-US","@id":"https:\/\/senioren-apps.de\/wordpress\/?page_id=2088#primaryimage","url":"https:\/\/uploads-ssl.webflow.com\/6442b104f6ca3d5bf969b619\/645a1a1484b9a49894029598_notfallkarte-checked.svg","contentUrl":"https:\/\/uploads-ssl.webflow.com\/6442b104f6ca3d5bf969b619\/645a1a1484b9a49894029598_notfallkarte-checked.svg"},{"@type":"BreadcrumbList","@id":"https:\/\/senioren-apps.de\/wordpress\/?page_id=2088#breadcrumb","itemListElement":[{"@type":"ListItem","position":1,"name":"Home","item":"https:\/\/senioren-apps.de\/wordpress\/"},{"@type":"ListItem","position":2,"name":"Sicherheit.\u200d"}]},{"@type":"WebSite","@id":"https:\/\/senioren-apps.de\/wordpress\/#website","url":"https:\/\/senioren-apps.de\/wordpress\/","name":"FitBodyCare-Tablet","description":"Senioren Tablet","publisher":{"@id":"https:\/\/senioren-apps.de\/wordpress\/#organization"},"potentialAction":[{"@type":"SearchAction","target":{"@type":"EntryPoint","urlTemplate":"https:\/\/senioren-apps.de\/wordpress\/?s={search_term_string}"},"query-input":{"@type":"PropertyValueSpecification","valueRequired":true,"valueName":"search_term_string"}}],"inLanguage":"en-US"},{"@type":"Organization","@id":"https:\/\/senioren-apps.de\/wordpress\/#organization","name":"FitBodyCare-Tablet","url":"https:\/\/senioren-apps.de\/wordpress\/","logo":{"@type":"ImageObject","inLanguage":"en-US","@id":"https:\/\/senioren-apps.de\/wordpress\/#\/schema\/logo\/image\/","url":"https:\/\/senioren-apps.de\/wordpress\/wp-content\/uploads\/2023\/07\/logo_fitbody_care_100.png","contentUrl":"https:\/\/senioren-apps.de\/wordpress\/wp-content\/uploads\/2023\/07\/logo_fitbody_care_100.png","width":457,"height":100,"caption":"FitBodyCare-Tablet"},"image":{"@id":"https:\/\/senioren-apps.de\/wordpress\/#\/schema\/logo\/image\/"}}]}},"jetpack_sharing_enabled":true,"_links":{"self":[{"href":"https:\/\/senioren-apps.de\/wordpress\/index.php?rest_route=\/wp\/v2\/pages\/2088","targetHints":{"allow":["GET"]}}],"collection":[{"href":"https:\/\/senioren-apps.de\/wordpress\/index.php?rest_route=\/wp\/v2\/pages"}],"about":[{"href":"https:\/\/senioren-apps.de\/wordpress\/index.php?rest_route=\/wp\/v2\/types\/page"}],"author":[{"embeddable":true,"href":"https:\/\/senioren-apps.de\/wordpress\/index.php?rest_route=\/wp\/v2\/users\/1"}],"replies":[{"embeddable":true,"href":"https:\/\/senioren-apps.de\/wordpress\/index.php?rest_route=%2Fwp%2Fv2%2Fcomments&post=2088"}],"version-history":[{"count":1,"href":"https:\/\/senioren-apps.de\/wordpress\/index.php?rest_route=\/wp\/v2\/pages\/2088\/revisions"}],"predecessor-version":[{"id":2089,"href":"https:\/\/senioren-apps.de\/wordpress\/index.php?rest_route=\/wp\/v2\/pages\/2088\/revisions\/2089"}],"wp:attachment":[{"href":"https:\/\/senioren-apps.de\/wordpress\/index.php?rest_route=%2Fwp%2Fv2%2Fmedia&parent=2088"}],"curies":[{"name":"wp","href":"https:\/\/api.w.org\/{rel}","templated":true}]}}