{"id":2055,"date":"2023-08-29T23:01:09","date_gmt":"2023-08-29T23:01:09","guid":{"rendered":"https:\/\/senioren-apps.de\/wordpress\/?page_id=2055"},"modified":"2023-08-29T23:01:09","modified_gmt":"2023-08-29T23:01:09","slug":"unser-exclusives-geschenk-fur-sie","status":"publish","type":"page","link":"https:\/\/senioren-apps.de\/wordpress\/?page_id=2055","title":{"rendered":"Unser exclusives Geschenk f\u00fcr Sie"},"content":{"rendered":"\n<div class=\"wp-block-media-text is-stacked-on-mobile\"><figure class=\"wp-block-media-text__media\"><img loading=\"lazy\" decoding=\"async\" width=\"452\" height=\"447\" src=\"https:\/\/senioren-apps.de\/wordpress\/wp-content\/uploads\/2023\/07\/UHR.png\" alt=\"\" class=\"wp-image-1469 size-full\" srcset=\"https:\/\/senioren-apps.de\/wordpress\/wp-content\/uploads\/2023\/07\/UHR.png 452w, https:\/\/senioren-apps.de\/wordpress\/wp-content\/uploads\/2023\/07\/UHR-100x100.png 100w, https:\/\/senioren-apps.de\/wordpress\/wp-content\/uploads\/2023\/07\/UHR-300x297.png 300w\" sizes=\"auto, (max-width: 452px) 100vw, 452px\" \/><\/figure><div class=\"wp-block-media-text__content\">\n<p>Bei Buchung bis zum 30.09.2023 erhalten Sie kostenlos unser Aktivit\u00e4tsarmband hinzu. Wert 69,00\u20ac.<\/p>\n\n\n\n<p>Die Buchung kann f\u00fcr Apps mit Tablet oder zum Download, Mindestlaufzeit und Zahlung 12 Monate, erfolgen<\/p>\n\n\n\n<p>Mit dem Aktivit\u00e4tsarmband k\u00f6nnen Puls, Blutdruck und die Schritte erfasst werden. Armband und App sind aufeinander optimiert. Die Auswertung erfolgt \u00fcber die App. Bei Inaktivit\u00e4t zu bestimmten Zeiten oder m\u00f6glichen Fall (wird \u00fcber Sensor gemessen) erfolgt Meldung an die nominierten Kontakte.<\/p>\n<\/div><\/div>\n","protected":false},"excerpt":{"rendered":"<p>Bei Buchung bis zum 30.09.2023 erhalten Sie kostenlos unser Aktivit\u00e4tsarmband hinzu. Wert 69,00\u20ac. Die Buchung kann f\u00fcr Apps mit Tablet oder zum Download, Mindestlaufzeit und Zahlung 12 Monate, erfolgen Mit &#8230;<\/p>\n","protected":false},"author":1,"featured_media":1909,"parent":0,"menu_order":0,"comment_status":"closed","ping_status":"closed","template":"","meta":{"om_disable_all_campaigns":false,"_monsterinsights_skip_tracking":false,"_monsterinsights_sitenote_active":false,"_monsterinsights_sitenote_note":"","_monsterinsights_sitenote_category":0,"_uf_show_specific_survey":0,"_uf_disable_surveys":false,"footnotes":""},"class_list":["post-2055","page","type-page","status-publish","has-post-thumbnail","hentry"],"aioseo_notices":[],"yoast_head":"<!-- This site is optimized with the Yoast SEO plugin v23.6 - https:\/\/yoast.com\/wordpress\/plugins\/seo\/ -->\n<title>Unser exclusives Geschenk f\u00fcr Sie - FitBodyCare-Tablet<\/title>\n<meta name=\"robots\" content=\"index, follow, max-snippet:-1, max-image-preview:large, max-video-preview:-1\" \/>\n<link rel=\"canonical\" href=\"https:\/\/senioren-apps.de\/wordpress\/?page_id=2055\" \/>\n<meta property=\"og:locale\" content=\"en_US\" \/>\n<meta property=\"og:type\" content=\"article\" \/>\n<meta property=\"og:title\" content=\"Unser exclusives Geschenk f\u00fcr Sie - FitBodyCare-Tablet\" \/>\n<meta property=\"og:description\" content=\"Bei Buchung bis zum 30.09.2023 erhalten Sie kostenlos unser Aktivit\u00e4tsarmband hinzu. Wert 69,00\u20ac. Die Buchung kann f\u00fcr Apps mit Tablet oder zum Download, Mindestlaufzeit und Zahlung 12 Monate, erfolgen Mit ...\" \/>\n<meta property=\"og:url\" content=\"https:\/\/senioren-apps.de\/wordpress\/?page_id=2055\" \/>\n<meta property=\"og:site_name\" content=\"FitBodyCare-Tablet\" \/>\n<meta property=\"og:image\" content=\"https:\/\/senioren-apps.de\/wordpress\/wp-content\/uploads\/2023\/08\/tracker.jpg\" \/>\n\t<meta property=\"og:image:width\" content=\"1000\" \/>\n\t<meta property=\"og:image:height\" content=\"667\" \/>\n\t<meta property=\"og:image:type\" content=\"image\/jpeg\" \/>\n<meta name=\"twitter:card\" content=\"summary_large_image\" \/>\n<meta name=\"twitter:label1\" content=\"Est. reading time\" \/>\n\t<meta name=\"twitter:data1\" content=\"1 minute\" \/>\n<script type=\"application\/ld+json\" class=\"yoast-schema-graph\">{\"@context\":\"https:\/\/schema.org\",\"@graph\":[{\"@type\":\"WebPage\",\"@id\":\"https:\/\/senioren-apps.de\/wordpress\/?page_id=2055\",\"url\":\"https:\/\/senioren-apps.de\/wordpress\/?page_id=2055\",\"name\":\"Unser exclusives Geschenk f\u00fcr Sie - FitBodyCare-Tablet\",\"isPartOf\":{\"@id\":\"https:\/\/senioren-apps.de\/wordpress\/#website\"},\"primaryImageOfPage\":{\"@id\":\"https:\/\/senioren-apps.de\/wordpress\/?page_id=2055#primaryimage\"},\"image\":{\"@id\":\"https:\/\/senioren-apps.de\/wordpress\/?page_id=2055#primaryimage\"},\"thumbnailUrl\":\"https:\/\/senioren-apps.de\/wordpress\/wp-content\/uploads\/2023\/08\/tracker.jpg\",\"datePublished\":\"2023-08-29T23:01:09+00:00\",\"dateModified\":\"2023-08-29T23:01:09+00:00\",\"breadcrumb\":{\"@id\":\"https:\/\/senioren-apps.de\/wordpress\/?page_id=2055#breadcrumb\"},\"inLanguage\":\"en-US\",\"potentialAction\":[{\"@type\":\"ReadAction\",\"target\":[\"https:\/\/senioren-apps.de\/wordpress\/?page_id=2055\"]}]},{\"@type\":\"ImageObject\",\"inLanguage\":\"en-US\",\"@id\":\"https:\/\/senioren-apps.de\/wordpress\/?page_id=2055#primaryimage\",\"url\":\"https:\/\/senioren-apps.de\/wordpress\/wp-content\/uploads\/2023\/08\/tracker.jpg\",\"contentUrl\":\"https:\/\/senioren-apps.de\/wordpress\/wp-content\/uploads\/2023\/08\/tracker.jpg\",\"width\":1000,\"height\":667},{\"@type\":\"BreadcrumbList\",\"@id\":\"https:\/\/senioren-apps.de\/wordpress\/?page_id=2055#breadcrumb\",\"itemListElement\":[{\"@type\":\"ListItem\",\"position\":1,\"name\":\"Home\",\"item\":\"https:\/\/senioren-apps.de\/wordpress\/\"},{\"@type\":\"ListItem\",\"position\":2,\"name\":\"Unser exclusives Geschenk f\u00fcr Sie\"}]},{\"@type\":\"WebSite\",\"@id\":\"https:\/\/senioren-apps.de\/wordpress\/#website\",\"url\":\"https:\/\/senioren-apps.de\/wordpress\/\",\"name\":\"FitBodyCare-Tablet\",\"description\":\"Senioren Tablet\",\"publisher\":{\"@id\":\"https:\/\/senioren-apps.de\/wordpress\/#organization\"},\"potentialAction\":[{\"@type\":\"SearchAction\",\"target\":{\"@type\":\"EntryPoint\",\"urlTemplate\":\"https:\/\/senioren-apps.de\/wordpress\/?s={search_term_string}\"},\"query-input\":{\"@type\":\"PropertyValueSpecification\",\"valueRequired\":true,\"valueName\":\"search_term_string\"}}],\"inLanguage\":\"en-US\"},{\"@type\":\"Organization\",\"@id\":\"https:\/\/senioren-apps.de\/wordpress\/#organization\",\"name\":\"FitBodyCare-Tablet\",\"url\":\"https:\/\/senioren-apps.de\/wordpress\/\",\"logo\":{\"@type\":\"ImageObject\",\"inLanguage\":\"en-US\",\"@id\":\"https:\/\/senioren-apps.de\/wordpress\/#\/schema\/logo\/image\/\",\"url\":\"https:\/\/senioren-apps.de\/wordpress\/wp-content\/uploads\/2023\/07\/logo_fitbody_care_100.png\",\"contentUrl\":\"https:\/\/senioren-apps.de\/wordpress\/wp-content\/uploads\/2023\/07\/logo_fitbody_care_100.png\",\"width\":457,\"height\":100,\"caption\":\"FitBodyCare-Tablet\"},\"image\":{\"@id\":\"https:\/\/senioren-apps.de\/wordpress\/#\/schema\/logo\/image\/\"}}]}<\/script>\n<!-- \/ Yoast SEO plugin. -->","yoast_head_json":{"title":"Unser exclusives Geschenk f\u00fcr Sie - FitBodyCare-Tablet","robots":{"index":"index","follow":"follow","max-snippet":"max-snippet:-1","max-image-preview":"max-image-preview:large","max-video-preview":"max-video-preview:-1"},"canonical":"https:\/\/senioren-apps.de\/wordpress\/?page_id=2055","og_locale":"en_US","og_type":"article","og_title":"Unser exclusives Geschenk f\u00fcr Sie - FitBodyCare-Tablet","og_description":"Bei Buchung bis zum 30.09.2023 erhalten Sie kostenlos unser Aktivit\u00e4tsarmband hinzu. Wert 69,00\u20ac. Die Buchung kann f\u00fcr Apps mit Tablet oder zum Download, Mindestlaufzeit und Zahlung 12 Monate, erfolgen Mit ...","og_url":"https:\/\/senioren-apps.de\/wordpress\/?page_id=2055","og_site_name":"FitBodyCare-Tablet","og_image":[{"width":1000,"height":667,"url":"https:\/\/senioren-apps.de\/wordpress\/wp-content\/uploads\/2023\/08\/tracker.jpg","type":"image\/jpeg"}],"twitter_card":"summary_large_image","twitter_misc":{"Est. reading time":"1 minute"},"schema":{"@context":"https:\/\/schema.org","@graph":[{"@type":"WebPage","@id":"https:\/\/senioren-apps.de\/wordpress\/?page_id=2055","url":"https:\/\/senioren-apps.de\/wordpress\/?page_id=2055","name":"Unser exclusives Geschenk f\u00fcr Sie - FitBodyCare-Tablet","isPartOf":{"@id":"https:\/\/senioren-apps.de\/wordpress\/#website"},"primaryImageOfPage":{"@id":"https:\/\/senioren-apps.de\/wordpress\/?page_id=2055#primaryimage"},"image":{"@id":"https:\/\/senioren-apps.de\/wordpress\/?page_id=2055#primaryimage"},"thumbnailUrl":"https:\/\/senioren-apps.de\/wordpress\/wp-content\/uploads\/2023\/08\/tracker.jpg","datePublished":"2023-08-29T23:01:09+00:00","dateModified":"2023-08-29T23:01:09+00:00","breadcrumb":{"@id":"https:\/\/senioren-apps.de\/wordpress\/?page_id=2055#breadcrumb"},"inLanguage":"en-US","potentialAction":[{"@type":"ReadAction","target":["https:\/\/senioren-apps.de\/wordpress\/?page_id=2055"]}]},{"@type":"ImageObject","inLanguage":"en-US","@id":"https:\/\/senioren-apps.de\/wordpress\/?page_id=2055#primaryimage","url":"https:\/\/senioren-apps.de\/wordpress\/wp-content\/uploads\/2023\/08\/tracker.jpg","contentUrl":"https:\/\/senioren-apps.de\/wordpress\/wp-content\/uploads\/2023\/08\/tracker.jpg","width":1000,"height":667},{"@type":"BreadcrumbList","@id":"https:\/\/senioren-apps.de\/wordpress\/?page_id=2055#breadcrumb","itemListElement":[{"@type":"ListItem","position":1,"name":"Home","item":"https:\/\/senioren-apps.de\/wordpress\/"},{"@type":"ListItem","position":2,"name":"Unser exclusives Geschenk f\u00fcr Sie"}]},{"@type":"WebSite","@id":"https:\/\/senioren-apps.de\/wordpress\/#website","url":"https:\/\/senioren-apps.de\/wordpress\/","name":"FitBodyCare-Tablet","description":"Senioren Tablet","publisher":{"@id":"https:\/\/senioren-apps.de\/wordpress\/#organization"},"potentialAction":[{"@type":"SearchAction","target":{"@type":"EntryPoint","urlTemplate":"https:\/\/senioren-apps.de\/wordpress\/?s={search_term_string}"},"query-input":{"@type":"PropertyValueSpecification","valueRequired":true,"valueName":"search_term_string"}}],"inLanguage":"en-US"},{"@type":"Organization","@id":"https:\/\/senioren-apps.de\/wordpress\/#organization","name":"FitBodyCare-Tablet","url":"https:\/\/senioren-apps.de\/wordpress\/","logo":{"@type":"ImageObject","inLanguage":"en-US","@id":"https:\/\/senioren-apps.de\/wordpress\/#\/schema\/logo\/image\/","url":"https:\/\/senioren-apps.de\/wordpress\/wp-content\/uploads\/2023\/07\/logo_fitbody_care_100.png","contentUrl":"https:\/\/senioren-apps.de\/wordpress\/wp-content\/uploads\/2023\/07\/logo_fitbody_care_100.png","width":457,"height":100,"caption":"FitBodyCare-Tablet"},"image":{"@id":"https:\/\/senioren-apps.de\/wordpress\/#\/schema\/logo\/image\/"}}]}},"jetpack_sharing_enabled":true,"_links":{"self":[{"href":"https:\/\/senioren-apps.de\/wordpress\/index.php?rest_route=\/wp\/v2\/pages\/2055","targetHints":{"allow":["GET"]}}],"collection":[{"href":"https:\/\/senioren-apps.de\/wordpress\/index.php?rest_route=\/wp\/v2\/pages"}],"about":[{"href":"https:\/\/senioren-apps.de\/wordpress\/index.php?rest_route=\/wp\/v2\/types\/page"}],"author":[{"embeddable":true,"href":"https:\/\/senioren-apps.de\/wordpress\/index.php?rest_route=\/wp\/v2\/users\/1"}],"replies":[{"embeddable":true,"href":"https:\/\/senioren-apps.de\/wordpress\/index.php?rest_route=%2Fwp%2Fv2%2Fcomments&post=2055"}],"version-history":[{"count":1,"href":"https:\/\/senioren-apps.de\/wordpress\/index.php?rest_route=\/wp\/v2\/pages\/2055\/revisions"}],"predecessor-version":[{"id":2056,"href":"https:\/\/senioren-apps.de\/wordpress\/index.php?rest_route=\/wp\/v2\/pages\/2055\/revisions\/2056"}],"wp:featuredmedia":[{"embeddable":true,"href":"https:\/\/senioren-apps.de\/wordpress\/index.php?rest_route=\/wp\/v2\/media\/1909"}],"wp:attachment":[{"href":"https:\/\/senioren-apps.de\/wordpress\/index.php?rest_route=%2Fwp%2Fv2%2Fmedia&parent=2055"}],"curies":[{"name":"wp","href":"https:\/\/api.w.org\/{rel}","templated":true}]}}