{"id":1780,"date":"2023-07-13T14:35:21","date_gmt":"2023-07-13T14:35:21","guid":{"rendered":"https:\/\/senioren-apps.de\/wordpress\/?page_id=1780"},"modified":"2023-07-13T14:35:21","modified_gmt":"2023-07-13T14:35:21","slug":"kooperationen","status":"publish","type":"page","link":"https:\/\/senioren-apps.de\/wordpress\/?page_id=1780","title":{"rendered":"Kooperationen"},"content":{"rendered":"\n<p><strong>F\u00fcr soziale Einrichtungen ist LIFE4Care ein einzigartiges Produkt mit hohem Nutzen f\u00fcr Senioren und Menschen mit gesundheitlichen Einschr\u00e4nkungen. Die LIFE4Care App ist der ideale Einstieg in die Digitalisierung, sowie die Umsetzung von selbstst\u00e4ndigem Leben und AAL (Ambient Assisted Living).<\/strong><\/p>\n","protected":false},"excerpt":{"rendered":"<p>F\u00fcr soziale Einrichtungen ist LIFE4Care ein einzigartiges Produkt mit hohem Nutzen f\u00fcr Senioren und Menschen mit gesundheitlichen Einschr\u00e4nkungen. Die LIFE4Care App ist der ideale Einstieg in die Digitalisierung, sowie die &#8230;<\/p>\n","protected":false},"author":1,"featured_media":0,"parent":0,"menu_order":0,"comment_status":"closed","ping_status":"closed","template":"","meta":{"om_disable_all_campaigns":false,"_monsterinsights_skip_tracking":false,"_monsterinsights_sitenote_active":false,"_monsterinsights_sitenote_note":"","_monsterinsights_sitenote_category":0,"_uf_show_specific_survey":0,"_uf_disable_surveys":false,"footnotes":""},"class_list":["post-1780","page","type-page","status-publish","hentry"],"aioseo_notices":[],"yoast_head":"<!-- This site is optimized with the Yoast SEO plugin v23.6 - https:\/\/yoast.com\/wordpress\/plugins\/seo\/ -->\n<title>Kooperationen - FitBodyCare-Tablet<\/title>\n<meta name=\"robots\" content=\"index, follow, max-snippet:-1, max-image-preview:large, max-video-preview:-1\" \/>\n<link rel=\"canonical\" href=\"https:\/\/senioren-apps.de\/wordpress\/?page_id=1780\" \/>\n<meta property=\"og:locale\" content=\"en_US\" \/>\n<meta property=\"og:type\" content=\"article\" \/>\n<meta property=\"og:title\" content=\"Kooperationen - FitBodyCare-Tablet\" \/>\n<meta property=\"og:description\" content=\"F\u00fcr soziale Einrichtungen ist LIFE4Care ein einzigartiges Produkt mit hohem Nutzen f\u00fcr Senioren und Menschen mit gesundheitlichen Einschr\u00e4nkungen. Die LIFE4Care App ist der ideale Einstieg in die Digitalisierung, sowie die ...\" \/>\n<meta property=\"og:url\" content=\"https:\/\/senioren-apps.de\/wordpress\/?page_id=1780\" \/>\n<meta property=\"og:site_name\" content=\"FitBodyCare-Tablet\" \/>\n<meta name=\"twitter:card\" content=\"summary_large_image\" \/>\n<meta name=\"twitter:label1\" content=\"Est. reading time\" \/>\n\t<meta name=\"twitter:data1\" content=\"1 minute\" \/>\n<script type=\"application\/ld+json\" class=\"yoast-schema-graph\">{\"@context\":\"https:\/\/schema.org\",\"@graph\":[{\"@type\":\"WebPage\",\"@id\":\"https:\/\/senioren-apps.de\/wordpress\/?page_id=1780\",\"url\":\"https:\/\/senioren-apps.de\/wordpress\/?page_id=1780\",\"name\":\"Kooperationen - FitBodyCare-Tablet\",\"isPartOf\":{\"@id\":\"https:\/\/senioren-apps.de\/wordpress\/#website\"},\"datePublished\":\"2023-07-13T14:35:21+00:00\",\"dateModified\":\"2023-07-13T14:35:21+00:00\",\"breadcrumb\":{\"@id\":\"https:\/\/senioren-apps.de\/wordpress\/?page_id=1780#breadcrumb\"},\"inLanguage\":\"en-US\",\"potentialAction\":[{\"@type\":\"ReadAction\",\"target\":[\"https:\/\/senioren-apps.de\/wordpress\/?page_id=1780\"]}]},{\"@type\":\"BreadcrumbList\",\"@id\":\"https:\/\/senioren-apps.de\/wordpress\/?page_id=1780#breadcrumb\",\"itemListElement\":[{\"@type\":\"ListItem\",\"position\":1,\"name\":\"Home\",\"item\":\"https:\/\/senioren-apps.de\/wordpress\/\"},{\"@type\":\"ListItem\",\"position\":2,\"name\":\"Kooperationen\"}]},{\"@type\":\"WebSite\",\"@id\":\"https:\/\/senioren-apps.de\/wordpress\/#website\",\"url\":\"https:\/\/senioren-apps.de\/wordpress\/\",\"name\":\"FitBodyCare-Tablet\",\"description\":\"Senioren Tablet\",\"publisher\":{\"@id\":\"https:\/\/senioren-apps.de\/wordpress\/#organization\"},\"potentialAction\":[{\"@type\":\"SearchAction\",\"target\":{\"@type\":\"EntryPoint\",\"urlTemplate\":\"https:\/\/senioren-apps.de\/wordpress\/?s={search_term_string}\"},\"query-input\":{\"@type\":\"PropertyValueSpecification\",\"valueRequired\":true,\"valueName\":\"search_term_string\"}}],\"inLanguage\":\"en-US\"},{\"@type\":\"Organization\",\"@id\":\"https:\/\/senioren-apps.de\/wordpress\/#organization\",\"name\":\"FitBodyCare-Tablet\",\"url\":\"https:\/\/senioren-apps.de\/wordpress\/\",\"logo\":{\"@type\":\"ImageObject\",\"inLanguage\":\"en-US\",\"@id\":\"https:\/\/senioren-apps.de\/wordpress\/#\/schema\/logo\/image\/\",\"url\":\"https:\/\/senioren-apps.de\/wordpress\/wp-content\/uploads\/2023\/07\/logo_fitbody_care_100.png\",\"contentUrl\":\"https:\/\/senioren-apps.de\/wordpress\/wp-content\/uploads\/2023\/07\/logo_fitbody_care_100.png\",\"width\":457,\"height\":100,\"caption\":\"FitBodyCare-Tablet\"},\"image\":{\"@id\":\"https:\/\/senioren-apps.de\/wordpress\/#\/schema\/logo\/image\/\"}}]}<\/script>\n<!-- \/ Yoast SEO plugin. -->","yoast_head_json":{"title":"Kooperationen - FitBodyCare-Tablet","robots":{"index":"index","follow":"follow","max-snippet":"max-snippet:-1","max-image-preview":"max-image-preview:large","max-video-preview":"max-video-preview:-1"},"canonical":"https:\/\/senioren-apps.de\/wordpress\/?page_id=1780","og_locale":"en_US","og_type":"article","og_title":"Kooperationen - FitBodyCare-Tablet","og_description":"F\u00fcr soziale Einrichtungen ist LIFE4Care ein einzigartiges Produkt mit hohem Nutzen f\u00fcr Senioren und Menschen mit gesundheitlichen Einschr\u00e4nkungen. Die LIFE4Care App ist der ideale Einstieg in die Digitalisierung, sowie die ...","og_url":"https:\/\/senioren-apps.de\/wordpress\/?page_id=1780","og_site_name":"FitBodyCare-Tablet","twitter_card":"summary_large_image","twitter_misc":{"Est. reading time":"1 minute"},"schema":{"@context":"https:\/\/schema.org","@graph":[{"@type":"WebPage","@id":"https:\/\/senioren-apps.de\/wordpress\/?page_id=1780","url":"https:\/\/senioren-apps.de\/wordpress\/?page_id=1780","name":"Kooperationen - FitBodyCare-Tablet","isPartOf":{"@id":"https:\/\/senioren-apps.de\/wordpress\/#website"},"datePublished":"2023-07-13T14:35:21+00:00","dateModified":"2023-07-13T14:35:21+00:00","breadcrumb":{"@id":"https:\/\/senioren-apps.de\/wordpress\/?page_id=1780#breadcrumb"},"inLanguage":"en-US","potentialAction":[{"@type":"ReadAction","target":["https:\/\/senioren-apps.de\/wordpress\/?page_id=1780"]}]},{"@type":"BreadcrumbList","@id":"https:\/\/senioren-apps.de\/wordpress\/?page_id=1780#breadcrumb","itemListElement":[{"@type":"ListItem","position":1,"name":"Home","item":"https:\/\/senioren-apps.de\/wordpress\/"},{"@type":"ListItem","position":2,"name":"Kooperationen"}]},{"@type":"WebSite","@id":"https:\/\/senioren-apps.de\/wordpress\/#website","url":"https:\/\/senioren-apps.de\/wordpress\/","name":"FitBodyCare-Tablet","description":"Senioren Tablet","publisher":{"@id":"https:\/\/senioren-apps.de\/wordpress\/#organization"},"potentialAction":[{"@type":"SearchAction","target":{"@type":"EntryPoint","urlTemplate":"https:\/\/senioren-apps.de\/wordpress\/?s={search_term_string}"},"query-input":{"@type":"PropertyValueSpecification","valueRequired":true,"valueName":"search_term_string"}}],"inLanguage":"en-US"},{"@type":"Organization","@id":"https:\/\/senioren-apps.de\/wordpress\/#organization","name":"FitBodyCare-Tablet","url":"https:\/\/senioren-apps.de\/wordpress\/","logo":{"@type":"ImageObject","inLanguage":"en-US","@id":"https:\/\/senioren-apps.de\/wordpress\/#\/schema\/logo\/image\/","url":"https:\/\/senioren-apps.de\/wordpress\/wp-content\/uploads\/2023\/07\/logo_fitbody_care_100.png","contentUrl":"https:\/\/senioren-apps.de\/wordpress\/wp-content\/uploads\/2023\/07\/logo_fitbody_care_100.png","width":457,"height":100,"caption":"FitBodyCare-Tablet"},"image":{"@id":"https:\/\/senioren-apps.de\/wordpress\/#\/schema\/logo\/image\/"}}]}},"jetpack_sharing_enabled":true,"_links":{"self":[{"href":"https:\/\/senioren-apps.de\/wordpress\/index.php?rest_route=\/wp\/v2\/pages\/1780","targetHints":{"allow":["GET"]}}],"collection":[{"href":"https:\/\/senioren-apps.de\/wordpress\/index.php?rest_route=\/wp\/v2\/pages"}],"about":[{"href":"https:\/\/senioren-apps.de\/wordpress\/index.php?rest_route=\/wp\/v2\/types\/page"}],"author":[{"embeddable":true,"href":"https:\/\/senioren-apps.de\/wordpress\/index.php?rest_route=\/wp\/v2\/users\/1"}],"replies":[{"embeddable":true,"href":"https:\/\/senioren-apps.de\/wordpress\/index.php?rest_route=%2Fwp%2Fv2%2Fcomments&post=1780"}],"version-history":[{"count":1,"href":"https:\/\/senioren-apps.de\/wordpress\/index.php?rest_route=\/wp\/v2\/pages\/1780\/revisions"}],"predecessor-version":[{"id":1781,"href":"https:\/\/senioren-apps.de\/wordpress\/index.php?rest_route=\/wp\/v2\/pages\/1780\/revisions\/1781"}],"wp:attachment":[{"href":"https:\/\/senioren-apps.de\/wordpress\/index.php?rest_route=%2Fwp%2Fv2%2Fmedia&parent=1780"}],"curies":[{"name":"wp","href":"https:\/\/api.w.org\/{rel}","templated":true}]}}