{"id":1702,"date":"2016-02-12T07:54:41","date_gmt":"2016-02-12T07:54:41","guid":{"rendered":"http:\/\/demos.famethemes.com\/onepress-plus\/?page_id=4"},"modified":"2023-08-11T08:55:51","modified_gmt":"2023-08-11T08:55:51","slug":"home","status":"publish","type":"page","link":"https:\/\/senioren-apps.de\/wordpress\/","title":{"rendered":"Home"},"content":{"rendered":"","protected":false},"excerpt":{"rendered":"","protected":false},"author":1,"featured_media":0,"parent":0,"menu_order":0,"comment_status":"closed","ping_status":"closed","template":"template-frontpage.php","meta":{"om_disable_all_campaigns":false,"_monsterinsights_skip_tracking":false,"_monsterinsights_sitenote_active":false,"_monsterinsights_sitenote_note":"","_monsterinsights_sitenote_category":0,"_uf_show_specific_survey":0,"_uf_disable_surveys":false,"footnotes":""},"class_list":["post-1702","page","type-page","status-publish","hentry"],"aioseo_notices":[],"yoast_head":"<!-- This site is optimized with the Yoast SEO plugin v23.6 - https:\/\/yoast.com\/wordpress\/plugins\/seo\/ -->\n<title>Home - FitBodyCare-Tablet<\/title>\n<meta name=\"description\" content=\"INNOVATIVE SOFTWAREf\u00fcr die Betreuung von Seniorinnen und Senioren. Unterst\u00fctzung f\u00fcr Angeh\u00f6rige und mehr Selbstst\u00e4ndigkeit f\u00fcr Senioren. Selbstbestimmte Tage, regelm\u00e4\u00dfiger Austausch mit Angeh\u00f6rigen oder Freunden, einfache Technik. Sch\u00f6ne Momente mit der ganzen FamilieFotos und Nachrichten verschicken, Gespr\u00e4che per Video-Anruf f\u00fchren und das allt\u00e4gliche Leben ganz einfach mit der Familie teilen.\" \/>\n<meta name=\"robots\" content=\"index, follow, max-snippet:-1, max-image-preview:large, max-video-preview:-1\" \/>\n<link rel=\"canonical\" href=\"https:\/\/senioren-apps.de\/wordpress\/\" \/>\n<meta property=\"og:locale\" content=\"en_US\" \/>\n<meta property=\"og:type\" content=\"article\" \/>\n<meta property=\"og:title\" content=\"Home - FitBodyCare-Tablet\" \/>\n<meta property=\"og:description\" content=\"INNOVATIVE SOFTWAREf\u00fcr die Betreuung von Seniorinnen und Senioren. Unterst\u00fctzung f\u00fcr Angeh\u00f6rige und mehr Selbstst\u00e4ndigkeit f\u00fcr Senioren. Selbstbestimmte Tage, regelm\u00e4\u00dfiger Austausch mit Angeh\u00f6rigen oder Freunden, einfache Technik. Sch\u00f6ne Momente mit der ganzen FamilieFotos und Nachrichten verschicken, Gespr\u00e4che per Video-Anruf f\u00fchren und das allt\u00e4gliche Leben ganz einfach mit der Familie teilen.\" \/>\n<meta property=\"og:url\" content=\"https:\/\/senioren-apps.de\/wordpress\/\" \/>\n<meta property=\"og:site_name\" content=\"FitBodyCare-Tablet\" \/>\n<meta property=\"article:modified_time\" content=\"2023-08-11T08:55:51+00:00\" \/>\n<meta name=\"twitter:card\" content=\"summary_large_image\" \/>\n<script type=\"application\/ld+json\" class=\"yoast-schema-graph\">{\"@context\":\"https:\/\/schema.org\",\"@graph\":[{\"@type\":\"WebPage\",\"@id\":\"https:\/\/senioren-apps.de\/wordpress\/\",\"url\":\"https:\/\/senioren-apps.de\/wordpress\/\",\"name\":\"Home - FitBodyCare-Tablet\",\"isPartOf\":{\"@id\":\"https:\/\/senioren-apps.de\/wordpress\/#website\"},\"datePublished\":\"2016-02-12T07:54:41+00:00\",\"dateModified\":\"2023-08-11T08:55:51+00:00\",\"description\":\"INNOVATIVE SOFTWAREf\u00fcr die Betreuung von Seniorinnen und Senioren. Unterst\u00fctzung f\u00fcr Angeh\u00f6rige und mehr Selbstst\u00e4ndigkeit f\u00fcr Senioren. Selbstbestimmte Tage, regelm\u00e4\u00dfiger Austausch mit Angeh\u00f6rigen oder Freunden, einfache Technik. Sch\u00f6ne Momente mit der ganzen FamilieFotos und Nachrichten verschicken, Gespr\u00e4che per Video-Anruf f\u00fchren und das allt\u00e4gliche Leben ganz einfach mit der Familie teilen.\",\"breadcrumb\":{\"@id\":\"https:\/\/senioren-apps.de\/wordpress\/#breadcrumb\"},\"inLanguage\":\"en-US\",\"potentialAction\":[{\"@type\":\"ReadAction\",\"target\":[\"https:\/\/senioren-apps.de\/wordpress\/\"]}]},{\"@type\":\"BreadcrumbList\",\"@id\":\"https:\/\/senioren-apps.de\/wordpress\/#breadcrumb\",\"itemListElement\":[{\"@type\":\"ListItem\",\"position\":1,\"name\":\"Home\",\"item\":\"https:\/\/senioren-apps.de\/wordpress\/\"},{\"@type\":\"ListItem\",\"position\":2,\"name\":\"Home\"}]},{\"@type\":\"WebSite\",\"@id\":\"https:\/\/senioren-apps.de\/wordpress\/#website\",\"url\":\"https:\/\/senioren-apps.de\/wordpress\/\",\"name\":\"FitBodyCare-Tablet\",\"description\":\"Senioren Tablet\",\"publisher\":{\"@id\":\"https:\/\/senioren-apps.de\/wordpress\/#organization\"},\"potentialAction\":[{\"@type\":\"SearchAction\",\"target\":{\"@type\":\"EntryPoint\",\"urlTemplate\":\"https:\/\/senioren-apps.de\/wordpress\/?s={search_term_string}\"},\"query-input\":{\"@type\":\"PropertyValueSpecification\",\"valueRequired\":true,\"valueName\":\"search_term_string\"}}],\"inLanguage\":\"en-US\"},{\"@type\":\"Organization\",\"@id\":\"https:\/\/senioren-apps.de\/wordpress\/#organization\",\"name\":\"FitBodyCare-Tablet\",\"url\":\"https:\/\/senioren-apps.de\/wordpress\/\",\"logo\":{\"@type\":\"ImageObject\",\"inLanguage\":\"en-US\",\"@id\":\"https:\/\/senioren-apps.de\/wordpress\/#\/schema\/logo\/image\/\",\"url\":\"https:\/\/senioren-apps.de\/wordpress\/wp-content\/uploads\/2023\/07\/logo_fitbody_care_100.png\",\"contentUrl\":\"https:\/\/senioren-apps.de\/wordpress\/wp-content\/uploads\/2023\/07\/logo_fitbody_care_100.png\",\"width\":457,\"height\":100,\"caption\":\"FitBodyCare-Tablet\"},\"image\":{\"@id\":\"https:\/\/senioren-apps.de\/wordpress\/#\/schema\/logo\/image\/\"}}]}<\/script>\n<!-- \/ Yoast SEO plugin. -->","yoast_head_json":{"title":"Home - FitBodyCare-Tablet","description":"INNOVATIVE SOFTWAREf\u00fcr die Betreuung von Seniorinnen und Senioren. Unterst\u00fctzung f\u00fcr Angeh\u00f6rige und mehr Selbstst\u00e4ndigkeit f\u00fcr Senioren. Selbstbestimmte Tage, regelm\u00e4\u00dfiger Austausch mit Angeh\u00f6rigen oder Freunden, einfache Technik. Sch\u00f6ne Momente mit der ganzen FamilieFotos und Nachrichten verschicken, Gespr\u00e4che per Video-Anruf f\u00fchren und das allt\u00e4gliche Leben ganz einfach mit der Familie teilen.","robots":{"index":"index","follow":"follow","max-snippet":"max-snippet:-1","max-image-preview":"max-image-preview:large","max-video-preview":"max-video-preview:-1"},"canonical":"https:\/\/senioren-apps.de\/wordpress\/","og_locale":"en_US","og_type":"article","og_title":"Home - FitBodyCare-Tablet","og_description":"INNOVATIVE SOFTWAREf\u00fcr die Betreuung von Seniorinnen und Senioren. Unterst\u00fctzung f\u00fcr Angeh\u00f6rige und mehr Selbstst\u00e4ndigkeit f\u00fcr Senioren. Selbstbestimmte Tage, regelm\u00e4\u00dfiger Austausch mit Angeh\u00f6rigen oder Freunden, einfache Technik. Sch\u00f6ne Momente mit der ganzen FamilieFotos und Nachrichten verschicken, Gespr\u00e4che per Video-Anruf f\u00fchren und das allt\u00e4gliche Leben ganz einfach mit der Familie teilen.","og_url":"https:\/\/senioren-apps.de\/wordpress\/","og_site_name":"FitBodyCare-Tablet","article_modified_time":"2023-08-11T08:55:51+00:00","twitter_card":"summary_large_image","schema":{"@context":"https:\/\/schema.org","@graph":[{"@type":"WebPage","@id":"https:\/\/senioren-apps.de\/wordpress\/","url":"https:\/\/senioren-apps.de\/wordpress\/","name":"Home - FitBodyCare-Tablet","isPartOf":{"@id":"https:\/\/senioren-apps.de\/wordpress\/#website"},"datePublished":"2016-02-12T07:54:41+00:00","dateModified":"2023-08-11T08:55:51+00:00","description":"INNOVATIVE SOFTWAREf\u00fcr die Betreuung von Seniorinnen und Senioren. Unterst\u00fctzung f\u00fcr Angeh\u00f6rige und mehr Selbstst\u00e4ndigkeit f\u00fcr Senioren. Selbstbestimmte Tage, regelm\u00e4\u00dfiger Austausch mit Angeh\u00f6rigen oder Freunden, einfache Technik. Sch\u00f6ne Momente mit der ganzen FamilieFotos und Nachrichten verschicken, Gespr\u00e4che per Video-Anruf f\u00fchren und das allt\u00e4gliche Leben ganz einfach mit der Familie teilen.","breadcrumb":{"@id":"https:\/\/senioren-apps.de\/wordpress\/#breadcrumb"},"inLanguage":"en-US","potentialAction":[{"@type":"ReadAction","target":["https:\/\/senioren-apps.de\/wordpress\/"]}]},{"@type":"BreadcrumbList","@id":"https:\/\/senioren-apps.de\/wordpress\/#breadcrumb","itemListElement":[{"@type":"ListItem","position":1,"name":"Home","item":"https:\/\/senioren-apps.de\/wordpress\/"},{"@type":"ListItem","position":2,"name":"Home"}]},{"@type":"WebSite","@id":"https:\/\/senioren-apps.de\/wordpress\/#website","url":"https:\/\/senioren-apps.de\/wordpress\/","name":"FitBodyCare-Tablet","description":"Senioren Tablet","publisher":{"@id":"https:\/\/senioren-apps.de\/wordpress\/#organization"},"potentialAction":[{"@type":"SearchAction","target":{"@type":"EntryPoint","urlTemplate":"https:\/\/senioren-apps.de\/wordpress\/?s={search_term_string}"},"query-input":{"@type":"PropertyValueSpecification","valueRequired":true,"valueName":"search_term_string"}}],"inLanguage":"en-US"},{"@type":"Organization","@id":"https:\/\/senioren-apps.de\/wordpress\/#organization","name":"FitBodyCare-Tablet","url":"https:\/\/senioren-apps.de\/wordpress\/","logo":{"@type":"ImageObject","inLanguage":"en-US","@id":"https:\/\/senioren-apps.de\/wordpress\/#\/schema\/logo\/image\/","url":"https:\/\/senioren-apps.de\/wordpress\/wp-content\/uploads\/2023\/07\/logo_fitbody_care_100.png","contentUrl":"https:\/\/senioren-apps.de\/wordpress\/wp-content\/uploads\/2023\/07\/logo_fitbody_care_100.png","width":457,"height":100,"caption":"FitBodyCare-Tablet"},"image":{"@id":"https:\/\/senioren-apps.de\/wordpress\/#\/schema\/logo\/image\/"}}]}},"jetpack_sharing_enabled":true,"_links":{"self":[{"href":"https:\/\/senioren-apps.de\/wordpress\/index.php?rest_route=\/wp\/v2\/pages\/1702","targetHints":{"allow":["GET"]}}],"collection":[{"href":"https:\/\/senioren-apps.de\/wordpress\/index.php?rest_route=\/wp\/v2\/pages"}],"about":[{"href":"https:\/\/senioren-apps.de\/wordpress\/index.php?rest_route=\/wp\/v2\/types\/page"}],"author":[{"embeddable":true,"href":"https:\/\/senioren-apps.de\/wordpress\/index.php?rest_route=\/wp\/v2\/users\/1"}],"replies":[{"embeddable":true,"href":"https:\/\/senioren-apps.de\/wordpress\/index.php?rest_route=%2Fwp%2Fv2%2Fcomments&post=1702"}],"version-history":[{"count":1,"href":"https:\/\/senioren-apps.de\/wordpress\/index.php?rest_route=\/wp\/v2\/pages\/1702\/revisions"}],"predecessor-version":[{"id":1983,"href":"https:\/\/senioren-apps.de\/wordpress\/index.php?rest_route=\/wp\/v2\/pages\/1702\/revisions\/1983"}],"wp:attachment":[{"href":"https:\/\/senioren-apps.de\/wordpress\/index.php?rest_route=%2Fwp%2Fv2%2Fmedia&parent=1702"}],"curies":[{"name":"wp","href":"https:\/\/api.w.org\/{rel}","templated":true}]}}