{"id":1547,"date":"2023-07-11T13:50:16","date_gmt":"2023-07-11T13:50:16","guid":{"rendered":"https:\/\/senioren-apps.de\/wordpress\/?page_id=1547"},"modified":"2023-07-13T22:10:44","modified_gmt":"2023-07-13T22:10:44","slug":"funktionen","status":"publish","type":"page","link":"https:\/\/senioren-apps.de\/wordpress\/?page_id=1547","title":{"rendered":"Funktionen"},"content":{"rendered":"\n<h4 class=\"wp-block-heading\">Kommunikation<\/h4>\n\n\n\n<div class=\"wp-block-media-text alignwide is-stacked-on-mobile\"><figure class=\"wp-block-media-text__media\"><img loading=\"lazy\" decoding=\"async\" width=\"1024\" height=\"630\" src=\"https:\/\/senioren-apps.de\/wordpress\/wp-content\/uploads\/2023\/07\/tablet_stand2-1024x630.png\" alt=\"\" class=\"wp-image-1532 size-full\" srcset=\"https:\/\/senioren-apps.de\/wordpress\/wp-content\/uploads\/2023\/07\/tablet_stand2-1024x630.png 1024w, https:\/\/senioren-apps.de\/wordpress\/wp-content\/uploads\/2023\/07\/tablet_stand2-600x369.png 600w, https:\/\/senioren-apps.de\/wordpress\/wp-content\/uploads\/2023\/07\/tablet_stand2-300x185.png 300w, https:\/\/senioren-apps.de\/wordpress\/wp-content\/uploads\/2023\/07\/tablet_stand2-768x473.png 768w, https:\/\/senioren-apps.de\/wordpress\/wp-content\/uploads\/2023\/07\/tablet_stand2.png 1300w\" sizes=\"auto, (max-width: 1024px) 100vw, 1024px\" \/><\/figure><div class=\"wp-block-media-text__content\">\n<p>Einfach zu bedienen<\/p>\n\n\n\n<p><strong>Kommunikation und N\u00e4he zu anderen Menschen<\/strong><\/p>\n\n\n\n<p>Nachrichtenaustausch, Videoanruf und Fotoalbum<\/p>\n\n\n\n<p><strong>Aktivit\u00e4t und Konzentration<\/strong><\/p>\n\n\n\n<p>Spiele und Unterhalten<\/p>\n\n\n\n<p><strong>Bewegung und Beweglichkeit<\/strong><\/p>\n\n\n\n<p>Videos zu Bewegungstherapien<\/p>\n\n\n\n<p><strong>Gesundheit und Pflege<\/strong><\/p>\n\n\n\n<p>Sensor f\u00fcr Sturzprophilaxe, Medikamentenerinnerung, Online-Notfalldaten<\/p>\n<\/div><\/div>\n\n\n\n<div class=\"wp-block-media-text alignwide has-media-on-the-right is-stacked-on-mobile\" style=\"grid-template-columns:auto 15%\"><div class=\"wp-block-media-text__content\">\n<h4 class=\"wp-block-heading\">Automatische Verbindung zu ausgesuchten und voreingestellten Kontakten<\/h4>\n\n\n\n<p>Kein langes Suchen. Freunde und Familie werden eingespeichert und k\u00f6nnen sofort angew\u00e4hlt werden &#8211; erkennbar \u00fcber Name und Bilder<\/p>\n\n\n\n<p>Dies Kontakte k\u00f6nnen auch Pflegeeinrichtungen sein<\/p>\n<\/div><figure class=\"wp-block-media-text__media\"><img loading=\"lazy\" decoding=\"async\" width=\"80\" height=\"76\" src=\"https:\/\/senioren-apps.de\/wordpress\/wp-content\/uploads\/2023\/07\/Icon_friends-care_80.png\" alt=\"\" class=\"wp-image-1548 size-full\"\/><\/figure><\/div>\n\n\n\n<hr class=\"wp-block-separator has-alpha-channel-opacity\"\/>\n\n\n\n<div class=\"wp-block-media-text alignwide is-stacked-on-mobile\" style=\"grid-template-columns:15% auto\"><figure class=\"wp-block-media-text__media\"><img loading=\"lazy\" decoding=\"async\" width=\"522\" height=\"516\" src=\"https:\/\/senioren-apps.de\/wordpress\/wp-content\/uploads\/2023\/07\/video-1.png\" alt=\"\" class=\"wp-image-1455 size-full\" srcset=\"https:\/\/senioren-apps.de\/wordpress\/wp-content\/uploads\/2023\/07\/video-1.png 522w, https:\/\/senioren-apps.de\/wordpress\/wp-content\/uploads\/2023\/07\/video-1-100x100.png 100w, https:\/\/senioren-apps.de\/wordpress\/wp-content\/uploads\/2023\/07\/video-1-300x297.png 300w\" sizes=\"auto, (max-width: 522px) 100vw, 522px\" \/><\/figure><div class=\"wp-block-media-text__content\">\n<h3 class=\"wp-block-heading\">Video Anruf<\/h3>\n\n\n\n<p><\/p>\n<\/div><\/div>\n\n\n\n<hr class=\"wp-block-separator has-alpha-channel-opacity\"\/>\n\n\n\n<div class=\"wp-block-media-text alignwide has-media-on-the-right is-stacked-on-mobile\" style=\"grid-template-columns:auto 15%\"><div class=\"wp-block-media-text__content\">\n<p>Austausch von Nachrichten mit Angeh\u00f6rigen<\/p>\n<\/div><figure class=\"wp-block-media-text__media\"><img loading=\"lazy\" decoding=\"async\" width=\"522\" height=\"515\" src=\"https:\/\/senioren-apps.de\/wordpress\/wp-content\/uploads\/2023\/07\/nachrichten.png\" alt=\"\" class=\"wp-image-1450 size-full\" srcset=\"https:\/\/senioren-apps.de\/wordpress\/wp-content\/uploads\/2023\/07\/nachrichten.png 522w, https:\/\/senioren-apps.de\/wordpress\/wp-content\/uploads\/2023\/07\/nachrichten-100x100.png 100w, https:\/\/senioren-apps.de\/wordpress\/wp-content\/uploads\/2023\/07\/nachrichten-300x296.png 300w\" sizes=\"auto, (max-width: 522px) 100vw, 522px\" \/><\/figure><\/div>\n\n\n\n<hr class=\"wp-block-separator has-alpha-channel-opacity\"\/>\n\n\n\n<div class=\"wp-block-media-text alignwide is-stacked-on-mobile\" style=\"grid-template-columns:15% auto\"><figure class=\"wp-block-media-text__media\"><img loading=\"lazy\" decoding=\"async\" width=\"522\" height=\"519\" src=\"https:\/\/senioren-apps.de\/wordpress\/wp-content\/uploads\/2023\/07\/fotoalbum.png\" alt=\"\" class=\"wp-image-1445 size-full\" srcset=\"https:\/\/senioren-apps.de\/wordpress\/wp-content\/uploads\/2023\/07\/fotoalbum.png 522w, https:\/\/senioren-apps.de\/wordpress\/wp-content\/uploads\/2023\/07\/fotoalbum-100x100.png 100w, https:\/\/senioren-apps.de\/wordpress\/wp-content\/uploads\/2023\/07\/fotoalbum-300x298.png 300w, https:\/\/senioren-apps.de\/wordpress\/wp-content\/uploads\/2023\/07\/fotoalbum-150x150.png 150w\" sizes=\"auto, (max-width: 522px) 100vw, 522px\" \/><\/figure><div class=\"wp-block-media-text__content\">\n<p>Fotoalbum<\/p>\n<\/div><\/div>\n\n\n\n<hr class=\"wp-block-separator has-alpha-channel-opacity\"\/>\n\n\n\n<div class=\"wp-block-media-text alignwide has-media-on-the-right is-stacked-on-mobile\" style=\"grid-template-columns:auto 15%\"><div class=\"wp-block-media-text__content\">\n<p>Fitnesskurse<\/p>\n\n\n\n<p>Sturzprophilaxe<\/p>\n\n\n\n<p>beweglich bleiben<\/p>\n<\/div><figure class=\"wp-block-media-text__media\"><img loading=\"lazy\" decoding=\"async\" width=\"526\" height=\"519\" src=\"https:\/\/senioren-apps.de\/wordpress\/wp-content\/uploads\/2023\/07\/fitness.png\" alt=\"\" class=\"wp-image-1444 size-full\" srcset=\"https:\/\/senioren-apps.de\/wordpress\/wp-content\/uploads\/2023\/07\/fitness.png 526w, https:\/\/senioren-apps.de\/wordpress\/wp-content\/uploads\/2023\/07\/fitness-100x100.png 100w, https:\/\/senioren-apps.de\/wordpress\/wp-content\/uploads\/2023\/07\/fitness-300x296.png 300w\" sizes=\"auto, (max-width: 526px) 100vw, 526px\" \/><\/figure><\/div>\n\n\n\n<hr class=\"wp-block-separator has-alpha-channel-opacity\"\/>\n\n\n\n<div class=\"wp-block-media-text alignwide is-stacked-on-mobile\" style=\"grid-template-columns:15% auto\"><figure class=\"wp-block-media-text__media\"><img loading=\"lazy\" decoding=\"async\" width=\"523\" height=\"516\" src=\"https:\/\/senioren-apps.de\/wordpress\/wp-content\/uploads\/2023\/07\/Unterhaltung.png\" alt=\"\" class=\"wp-image-1454 size-full\" srcset=\"https:\/\/senioren-apps.de\/wordpress\/wp-content\/uploads\/2023\/07\/Unterhaltung.png 523w, https:\/\/senioren-apps.de\/wordpress\/wp-content\/uploads\/2023\/07\/Unterhaltung-100x100.png 100w, https:\/\/senioren-apps.de\/wordpress\/wp-content\/uploads\/2023\/07\/Unterhaltung-300x296.png 300w\" sizes=\"auto, (max-width: 523px) 100vw, 523px\" \/><\/figure><div class=\"wp-block-media-text__content\">\n<p>Spiele und Unterhaltung<\/p>\n<\/div><\/div>\n\n\n\n<hr class=\"wp-block-separator has-alpha-channel-opacity\"\/>\n\n\n\n<div class=\"wp-block-media-text alignwide has-media-on-the-right is-stacked-on-mobile\" style=\"grid-template-columns:auto 15%\"><div class=\"wp-block-media-text__content\">\n<p>Medizinische Daten<\/p>\n<\/div><figure class=\"wp-block-media-text__media\"><img loading=\"lazy\" decoding=\"async\" width=\"522\" height=\"515\" src=\"https:\/\/senioren-apps.de\/wordpress\/wp-content\/uploads\/2023\/07\/meddata-1.png\" alt=\"\" class=\"wp-image-1449 size-full\" srcset=\"https:\/\/senioren-apps.de\/wordpress\/wp-content\/uploads\/2023\/07\/meddata-1.png 522w, https:\/\/senioren-apps.de\/wordpress\/wp-content\/uploads\/2023\/07\/meddata-1-100x100.png 100w, https:\/\/senioren-apps.de\/wordpress\/wp-content\/uploads\/2023\/07\/meddata-1-300x296.png 300w\" sizes=\"auto, (max-width: 522px) 100vw, 522px\" \/><\/figure><\/div>\n\n\n\n<hr class=\"wp-block-separator has-alpha-channel-opacity\"\/>\n\n\n\n<div class=\"wp-block-media-text alignwide is-stacked-on-mobile\" style=\"grid-template-columns:15% auto\"><figure class=\"wp-block-media-text__media\"><img loading=\"lazy\" decoding=\"async\" width=\"452\" height=\"447\" src=\"https:\/\/senioren-apps.de\/wordpress\/wp-content\/uploads\/2023\/07\/medikamente.png\" alt=\"\" class=\"wp-image-1472 size-full\" srcset=\"https:\/\/senioren-apps.de\/wordpress\/wp-content\/uploads\/2023\/07\/medikamente.png 452w, https:\/\/senioren-apps.de\/wordpress\/wp-content\/uploads\/2023\/07\/medikamente-100x100.png 100w, https:\/\/senioren-apps.de\/wordpress\/wp-content\/uploads\/2023\/07\/medikamente-300x297.png 300w\" sizes=\"auto, (max-width: 452px) 100vw, 452px\" \/><\/figure><div class=\"wp-block-media-text__content\">\n<p>Medikamenten-Management<\/p>\n\n\n\n<p><\/p>\n<\/div><\/div>\n\n\n\n<hr class=\"wp-block-separator has-alpha-channel-opacity\"\/>\n\n\n\n<div class=\"wp-block-media-text alignwide has-media-on-the-right is-stacked-on-mobile\" style=\"grid-template-columns:auto 15%\"><div class=\"wp-block-media-text__content\">\n<p>Alarm<\/p>\n\n\n\n<p>Bei Sturz, keine Bewegung<\/p>\n<\/div><figure class=\"wp-block-media-text__media\"><img loading=\"lazy\" decoding=\"async\" width=\"1024\" height=\"788\" src=\"https:\/\/senioren-apps.de\/wordpress\/wp-content\/uploads\/2023\/07\/sos-1-1024x788.png\" alt=\"\" class=\"wp-image-1735 size-full\" srcset=\"https:\/\/senioren-apps.de\/wordpress\/wp-content\/uploads\/2023\/07\/sos-1-1024x788.png 1024w, https:\/\/senioren-apps.de\/wordpress\/wp-content\/uploads\/2023\/07\/sos-1-600x461.png 600w, https:\/\/senioren-apps.de\/wordpress\/wp-content\/uploads\/2023\/07\/sos-1-300x231.png 300w, https:\/\/senioren-apps.de\/wordpress\/wp-content\/uploads\/2023\/07\/sos-1-768x591.png 768w, https:\/\/senioren-apps.de\/wordpress\/wp-content\/uploads\/2023\/07\/sos-1-1536x1181.png 1536w, https:\/\/senioren-apps.de\/wordpress\/wp-content\/uploads\/2023\/07\/sos-1-2048x1575.png 2048w\" sizes=\"auto, (max-width: 1024px) 100vw, 1024px\" \/><\/figure><\/div>\n\n\n\n<div class=\"wp-block-media-text alignwide is-stacked-on-mobile\" style=\"grid-template-columns:18% auto\"><figure class=\"wp-block-media-text__media\"><img loading=\"lazy\" decoding=\"async\" width=\"1024\" height=\"788\" src=\"https:\/\/senioren-apps.de\/wordpress\/wp-content\/uploads\/2023\/07\/medikamente-1-1024x788.png\" alt=\"\" class=\"wp-image-1740 size-full\" srcset=\"https:\/\/senioren-apps.de\/wordpress\/wp-content\/uploads\/2023\/07\/medikamente-1-1024x788.png 1024w, https:\/\/senioren-apps.de\/wordpress\/wp-content\/uploads\/2023\/07\/medikamente-1-600x461.png 600w, https:\/\/senioren-apps.de\/wordpress\/wp-content\/uploads\/2023\/07\/medikamente-1-300x231.png 300w, https:\/\/senioren-apps.de\/wordpress\/wp-content\/uploads\/2023\/07\/medikamente-1-768x591.png 768w, https:\/\/senioren-apps.de\/wordpress\/wp-content\/uploads\/2023\/07\/medikamente-1-1536x1181.png 1536w, https:\/\/senioren-apps.de\/wordpress\/wp-content\/uploads\/2023\/07\/medikamente-1-2048x1575.png 2048w\" sizes=\"auto, (max-width: 1024px) 100vw, 1024px\" \/><\/figure><div class=\"wp-block-media-text__content\">\n<p>Medikamenten-Erinnerung<\/p>\n<\/div><\/div>\n\n\n\n<hr class=\"wp-block-separator has-alpha-channel-opacity\"\/>\n\n\n\n<div class=\"wp-block-media-text alignwide has-media-on-the-right is-stacked-on-mobile\" style=\"grid-template-columns:auto 20%\"><div class=\"wp-block-media-text__content\">\n<p>Proof of Life<\/p>\n\n\n\n<p>Einmal am Tag geht dieser Bildschirm an. Best\u00e4tigen Sie, dass alles in Ordnung ist. <\/p>\n\n\n\n<p>Wenn nicht geklickt wird, dann geht eine entsprechende Nachricht and Freunde oder Familie raus.<\/p>\n<\/div><figure class=\"wp-block-media-text__media\"><img loading=\"lazy\" decoding=\"async\" width=\"1024\" height=\"788\" src=\"https:\/\/senioren-apps.de\/wordpress\/wp-content\/uploads\/2023\/07\/proof-1024x788.png\" alt=\"\" class=\"wp-image-1734 size-full\" srcset=\"https:\/\/senioren-apps.de\/wordpress\/wp-content\/uploads\/2023\/07\/proof-1024x788.png 1024w, https:\/\/senioren-apps.de\/wordpress\/wp-content\/uploads\/2023\/07\/proof-600x461.png 600w, https:\/\/senioren-apps.de\/wordpress\/wp-content\/uploads\/2023\/07\/proof-300x231.png 300w, https:\/\/senioren-apps.de\/wordpress\/wp-content\/uploads\/2023\/07\/proof-768x591.png 768w, https:\/\/senioren-apps.de\/wordpress\/wp-content\/uploads\/2023\/07\/proof-1536x1181.png 1536w, https:\/\/senioren-apps.de\/wordpress\/wp-content\/uploads\/2023\/07\/proof-2048x1575.png 2048w\" sizes=\"auto, (max-width: 1024px) 100vw, 1024px\" \/><\/figure><\/div>\n\n\n\n<hr class=\"wp-block-separator has-alpha-channel-opacity\"\/>\n\n\n\n<div class=\"wp-block-media-text alignwide is-stacked-on-mobile\" style=\"grid-template-columns:15% auto\"><figure class=\"wp-block-media-text__media\"><img loading=\"lazy\" decoding=\"async\" width=\"1024\" height=\"789\" src=\"https:\/\/senioren-apps.de\/wordpress\/wp-content\/uploads\/2023\/07\/weckeralarm-1024x789.png\" alt=\"\" class=\"wp-image-1736 size-full\" srcset=\"https:\/\/senioren-apps.de\/wordpress\/wp-content\/uploads\/2023\/07\/weckeralarm-1024x789.png 1024w, https:\/\/senioren-apps.de\/wordpress\/wp-content\/uploads\/2023\/07\/weckeralarm-600x462.png 600w, https:\/\/senioren-apps.de\/wordpress\/wp-content\/uploads\/2023\/07\/weckeralarm-300x231.png 300w, https:\/\/senioren-apps.de\/wordpress\/wp-content\/uploads\/2023\/07\/weckeralarm-768x591.png 768w, https:\/\/senioren-apps.de\/wordpress\/wp-content\/uploads\/2023\/07\/weckeralarm-1536x1183.png 1536w, https:\/\/senioren-apps.de\/wordpress\/wp-content\/uploads\/2023\/07\/weckeralarm-2048x1577.png 2048w\" sizes=\"auto, (max-width: 1024px) 100vw, 1024px\" \/><\/figure><div class=\"wp-block-media-text__content\">\n<p>Wie schnell kann man mal einen Arzttermin oder Geburtstag vergessen.<\/p>\n\n\n\n<p>Der Termin-Alarm hilft bei der Erinnerung.<\/p>\n\n\n\n<p>Die Termine werden von dem App-Administrator (Familie oder Freund) eingetragen<\/p>\n<\/div><\/div>\n\n\n\n<hr class=\"wp-block-separator has-alpha-channel-opacity\"\/>\n\n\n\n<div class=\"wp-block-media-text alignwide has-media-on-the-right is-stacked-on-mobile\" style=\"grid-template-columns:auto 19%\"><div class=\"wp-block-media-text__content\">\n<p>Wenn das Tablet nicht an den Strom angeschlossen wird, dann geht es aus.<\/p>\n\n\n\n<p>Daher erscheint auf dem Bildschirm ein Alarm, wenn es weniger als 20% hat hat und angeschlossen werden soll. Wenn es weniger als 10% hat, dann geht eine Nachricht and Freunde oder bekannte raus.<\/p>\n<\/div><figure class=\"wp-block-media-text__media\"><img loading=\"lazy\" decoding=\"async\" width=\"1024\" height=\"788\" src=\"https:\/\/senioren-apps.de\/wordpress\/wp-content\/uploads\/2023\/07\/strom-1024x788.png\" alt=\"\" class=\"wp-image-1754 size-full\" srcset=\"https:\/\/senioren-apps.de\/wordpress\/wp-content\/uploads\/2023\/07\/strom-1024x788.png 1024w, https:\/\/senioren-apps.de\/wordpress\/wp-content\/uploads\/2023\/07\/strom-600x461.png 600w, https:\/\/senioren-apps.de\/wordpress\/wp-content\/uploads\/2023\/07\/strom-300x231.png 300w, https:\/\/senioren-apps.de\/wordpress\/wp-content\/uploads\/2023\/07\/strom-768x591.png 768w, https:\/\/senioren-apps.de\/wordpress\/wp-content\/uploads\/2023\/07\/strom-1536x1181.png 1536w, https:\/\/senioren-apps.de\/wordpress\/wp-content\/uploads\/2023\/07\/strom-2048x1575.png 2048w\" sizes=\"auto, (max-width: 1024px) 100vw, 1024px\" \/><\/figure><\/div>\n\n\n\n<div class=\"wp-block-media-text alignwide is-stacked-on-mobile\" style=\"grid-template-columns:15% auto\"><figure class=\"wp-block-media-text__media\"><img loading=\"lazy\" decoding=\"async\" width=\"452\" height=\"447\" src=\"https:\/\/senioren-apps.de\/wordpress\/wp-content\/uploads\/2023\/07\/UHR.png\" alt=\"\" class=\"wp-image-1469 size-full\" srcset=\"https:\/\/senioren-apps.de\/wordpress\/wp-content\/uploads\/2023\/07\/UHR.png 452w, https:\/\/senioren-apps.de\/wordpress\/wp-content\/uploads\/2023\/07\/UHR-100x100.png 100w, https:\/\/senioren-apps.de\/wordpress\/wp-content\/uploads\/2023\/07\/UHR-300x297.png 300w\" sizes=\"auto, (max-width: 452px) 100vw, 452px\" \/><\/figure><div class=\"wp-block-media-text__content\">\n<p>Diese Uhr misst Ihre Schritte, den Puls und auch den Blutdruck<\/p>\n\n\n\n<p>Schritte zeigen, dass man noch aktiv ist.<\/p>\n<\/div><\/div>\n","protected":false},"excerpt":{"rendered":"<p>Kommunikation Einfach zu bedienen Kommunikation und N\u00e4he zu anderen Menschen Nachrichtenaustausch, Videoanruf und Fotoalbum Aktivit\u00e4t und Konzentration Spiele und Unterhalten Bewegung und Beweglichkeit Videos zu Bewegungstherapien Gesundheit und Pflege Sensor &#8230;<\/p>\n","protected":false},"author":1,"featured_media":0,"parent":0,"menu_order":0,"comment_status":"closed","ping_status":"closed","template":"","meta":{"om_disable_all_campaigns":false,"_monsterinsights_skip_tracking":false,"_monsterinsights_sitenote_active":false,"_monsterinsights_sitenote_note":"","_monsterinsights_sitenote_category":0,"_uf_show_specific_survey":0,"_uf_disable_surveys":false,"footnotes":""},"class_list":["post-1547","page","type-page","status-publish","hentry"],"aioseo_notices":[],"yoast_head":"<!-- This site is optimized with the Yoast SEO plugin v23.6 - https:\/\/yoast.com\/wordpress\/plugins\/seo\/ -->\n<title>Funktionen - FitBodyCare-Tablet<\/title>\n<meta name=\"robots\" content=\"index, follow, max-snippet:-1, max-image-preview:large, max-video-preview:-1\" \/>\n<link rel=\"canonical\" href=\"https:\/\/senioren-apps.de\/wordpress\/?page_id=1547\" \/>\n<meta property=\"og:locale\" content=\"en_US\" \/>\n<meta property=\"og:type\" content=\"article\" \/>\n<meta property=\"og:title\" content=\"Funktionen - FitBodyCare-Tablet\" \/>\n<meta property=\"og:description\" content=\"Kommunikation Einfach zu bedienen Kommunikation und N\u00e4he zu anderen Menschen Nachrichtenaustausch, Videoanruf und Fotoalbum Aktivit\u00e4t und Konzentration Spiele und Unterhalten Bewegung und Beweglichkeit Videos zu Bewegungstherapien Gesundheit und Pflege Sensor ...\" \/>\n<meta property=\"og:url\" content=\"https:\/\/senioren-apps.de\/wordpress\/?page_id=1547\" \/>\n<meta property=\"og:site_name\" content=\"FitBodyCare-Tablet\" \/>\n<meta property=\"article:modified_time\" content=\"2023-07-13T22:10:44+00:00\" \/>\n<meta property=\"og:image\" content=\"https:\/\/senioren-apps.de\/wordpress\/wp-content\/uploads\/2023\/07\/tablet_stand2-1024x630.png\" \/>\n<meta name=\"twitter:card\" content=\"summary_large_image\" \/>\n<meta name=\"twitter:label1\" content=\"Est. reading time\" \/>\n\t<meta name=\"twitter:data1\" content=\"4 minutes\" \/>\n<script type=\"application\/ld+json\" class=\"yoast-schema-graph\">{\"@context\":\"https:\/\/schema.org\",\"@graph\":[{\"@type\":\"WebPage\",\"@id\":\"https:\/\/senioren-apps.de\/wordpress\/?page_id=1547\",\"url\":\"https:\/\/senioren-apps.de\/wordpress\/?page_id=1547\",\"name\":\"Funktionen - FitBodyCare-Tablet\",\"isPartOf\":{\"@id\":\"https:\/\/senioren-apps.de\/wordpress\/#website\"},\"primaryImageOfPage\":{\"@id\":\"https:\/\/senioren-apps.de\/wordpress\/?page_id=1547#primaryimage\"},\"image\":{\"@id\":\"https:\/\/senioren-apps.de\/wordpress\/?page_id=1547#primaryimage\"},\"thumbnailUrl\":\"https:\/\/senioren-apps.de\/wordpress\/wp-content\/uploads\/2023\/07\/tablet_stand2-1024x630.png\",\"datePublished\":\"2023-07-11T13:50:16+00:00\",\"dateModified\":\"2023-07-13T22:10:44+00:00\",\"breadcrumb\":{\"@id\":\"https:\/\/senioren-apps.de\/wordpress\/?page_id=1547#breadcrumb\"},\"inLanguage\":\"en-US\",\"potentialAction\":[{\"@type\":\"ReadAction\",\"target\":[\"https:\/\/senioren-apps.de\/wordpress\/?page_id=1547\"]}]},{\"@type\":\"ImageObject\",\"inLanguage\":\"en-US\",\"@id\":\"https:\/\/senioren-apps.de\/wordpress\/?page_id=1547#primaryimage\",\"url\":\"https:\/\/senioren-apps.de\/wordpress\/wp-content\/uploads\/2023\/07\/tablet_stand2.png\",\"contentUrl\":\"https:\/\/senioren-apps.de\/wordpress\/wp-content\/uploads\/2023\/07\/tablet_stand2.png\",\"width\":1300,\"height\":800},{\"@type\":\"BreadcrumbList\",\"@id\":\"https:\/\/senioren-apps.de\/wordpress\/?page_id=1547#breadcrumb\",\"itemListElement\":[{\"@type\":\"ListItem\",\"position\":1,\"name\":\"Home\",\"item\":\"https:\/\/senioren-apps.de\/wordpress\/\"},{\"@type\":\"ListItem\",\"position\":2,\"name\":\"Funktionen\"}]},{\"@type\":\"WebSite\",\"@id\":\"https:\/\/senioren-apps.de\/wordpress\/#website\",\"url\":\"https:\/\/senioren-apps.de\/wordpress\/\",\"name\":\"FitBodyCare-Tablet\",\"description\":\"Senioren Tablet\",\"publisher\":{\"@id\":\"https:\/\/senioren-apps.de\/wordpress\/#organization\"},\"potentialAction\":[{\"@type\":\"SearchAction\",\"target\":{\"@type\":\"EntryPoint\",\"urlTemplate\":\"https:\/\/senioren-apps.de\/wordpress\/?s={search_term_string}\"},\"query-input\":{\"@type\":\"PropertyValueSpecification\",\"valueRequired\":true,\"valueName\":\"search_term_string\"}}],\"inLanguage\":\"en-US\"},{\"@type\":\"Organization\",\"@id\":\"https:\/\/senioren-apps.de\/wordpress\/#organization\",\"name\":\"FitBodyCare-Tablet\",\"url\":\"https:\/\/senioren-apps.de\/wordpress\/\",\"logo\":{\"@type\":\"ImageObject\",\"inLanguage\":\"en-US\",\"@id\":\"https:\/\/senioren-apps.de\/wordpress\/#\/schema\/logo\/image\/\",\"url\":\"https:\/\/senioren-apps.de\/wordpress\/wp-content\/uploads\/2023\/07\/logo_fitbody_care_100.png\",\"contentUrl\":\"https:\/\/senioren-apps.de\/wordpress\/wp-content\/uploads\/2023\/07\/logo_fitbody_care_100.png\",\"width\":457,\"height\":100,\"caption\":\"FitBodyCare-Tablet\"},\"image\":{\"@id\":\"https:\/\/senioren-apps.de\/wordpress\/#\/schema\/logo\/image\/\"}}]}<\/script>\n<!-- \/ Yoast SEO plugin. -->","yoast_head_json":{"title":"Funktionen - FitBodyCare-Tablet","robots":{"index":"index","follow":"follow","max-snippet":"max-snippet:-1","max-image-preview":"max-image-preview:large","max-video-preview":"max-video-preview:-1"},"canonical":"https:\/\/senioren-apps.de\/wordpress\/?page_id=1547","og_locale":"en_US","og_type":"article","og_title":"Funktionen - FitBodyCare-Tablet","og_description":"Kommunikation Einfach zu bedienen Kommunikation und N\u00e4he zu anderen Menschen Nachrichtenaustausch, Videoanruf und Fotoalbum Aktivit\u00e4t und Konzentration Spiele und Unterhalten Bewegung und Beweglichkeit Videos zu Bewegungstherapien Gesundheit und Pflege Sensor ...","og_url":"https:\/\/senioren-apps.de\/wordpress\/?page_id=1547","og_site_name":"FitBodyCare-Tablet","article_modified_time":"2023-07-13T22:10:44+00:00","og_image":[{"url":"https:\/\/senioren-apps.de\/wordpress\/wp-content\/uploads\/2023\/07\/tablet_stand2-1024x630.png"}],"twitter_card":"summary_large_image","twitter_misc":{"Est. reading time":"4 minutes"},"schema":{"@context":"https:\/\/schema.org","@graph":[{"@type":"WebPage","@id":"https:\/\/senioren-apps.de\/wordpress\/?page_id=1547","url":"https:\/\/senioren-apps.de\/wordpress\/?page_id=1547","name":"Funktionen - FitBodyCare-Tablet","isPartOf":{"@id":"https:\/\/senioren-apps.de\/wordpress\/#website"},"primaryImageOfPage":{"@id":"https:\/\/senioren-apps.de\/wordpress\/?page_id=1547#primaryimage"},"image":{"@id":"https:\/\/senioren-apps.de\/wordpress\/?page_id=1547#primaryimage"},"thumbnailUrl":"https:\/\/senioren-apps.de\/wordpress\/wp-content\/uploads\/2023\/07\/tablet_stand2-1024x630.png","datePublished":"2023-07-11T13:50:16+00:00","dateModified":"2023-07-13T22:10:44+00:00","breadcrumb":{"@id":"https:\/\/senioren-apps.de\/wordpress\/?page_id=1547#breadcrumb"},"inLanguage":"en-US","potentialAction":[{"@type":"ReadAction","target":["https:\/\/senioren-apps.de\/wordpress\/?page_id=1547"]}]},{"@type":"ImageObject","inLanguage":"en-US","@id":"https:\/\/senioren-apps.de\/wordpress\/?page_id=1547#primaryimage","url":"https:\/\/senioren-apps.de\/wordpress\/wp-content\/uploads\/2023\/07\/tablet_stand2.png","contentUrl":"https:\/\/senioren-apps.de\/wordpress\/wp-content\/uploads\/2023\/07\/tablet_stand2.png","width":1300,"height":800},{"@type":"BreadcrumbList","@id":"https:\/\/senioren-apps.de\/wordpress\/?page_id=1547#breadcrumb","itemListElement":[{"@type":"ListItem","position":1,"name":"Home","item":"https:\/\/senioren-apps.de\/wordpress\/"},{"@type":"ListItem","position":2,"name":"Funktionen"}]},{"@type":"WebSite","@id":"https:\/\/senioren-apps.de\/wordpress\/#website","url":"https:\/\/senioren-apps.de\/wordpress\/","name":"FitBodyCare-Tablet","description":"Senioren Tablet","publisher":{"@id":"https:\/\/senioren-apps.de\/wordpress\/#organization"},"potentialAction":[{"@type":"SearchAction","target":{"@type":"EntryPoint","urlTemplate":"https:\/\/senioren-apps.de\/wordpress\/?s={search_term_string}"},"query-input":{"@type":"PropertyValueSpecification","valueRequired":true,"valueName":"search_term_string"}}],"inLanguage":"en-US"},{"@type":"Organization","@id":"https:\/\/senioren-apps.de\/wordpress\/#organization","name":"FitBodyCare-Tablet","url":"https:\/\/senioren-apps.de\/wordpress\/","logo":{"@type":"ImageObject","inLanguage":"en-US","@id":"https:\/\/senioren-apps.de\/wordpress\/#\/schema\/logo\/image\/","url":"https:\/\/senioren-apps.de\/wordpress\/wp-content\/uploads\/2023\/07\/logo_fitbody_care_100.png","contentUrl":"https:\/\/senioren-apps.de\/wordpress\/wp-content\/uploads\/2023\/07\/logo_fitbody_care_100.png","width":457,"height":100,"caption":"FitBodyCare-Tablet"},"image":{"@id":"https:\/\/senioren-apps.de\/wordpress\/#\/schema\/logo\/image\/"}}]}},"jetpack_sharing_enabled":true,"_links":{"self":[{"href":"https:\/\/senioren-apps.de\/wordpress\/index.php?rest_route=\/wp\/v2\/pages\/1547","targetHints":{"allow":["GET"]}}],"collection":[{"href":"https:\/\/senioren-apps.de\/wordpress\/index.php?rest_route=\/wp\/v2\/pages"}],"about":[{"href":"https:\/\/senioren-apps.de\/wordpress\/index.php?rest_route=\/wp\/v2\/types\/page"}],"author":[{"embeddable":true,"href":"https:\/\/senioren-apps.de\/wordpress\/index.php?rest_route=\/wp\/v2\/users\/1"}],"replies":[{"embeddable":true,"href":"https:\/\/senioren-apps.de\/wordpress\/index.php?rest_route=%2Fwp%2Fv2%2Fcomments&post=1547"}],"version-history":[{"count":5,"href":"https:\/\/senioren-apps.de\/wordpress\/index.php?rest_route=\/wp\/v2\/pages\/1547\/revisions"}],"predecessor-version":[{"id":1803,"href":"https:\/\/senioren-apps.de\/wordpress\/index.php?rest_route=\/wp\/v2\/pages\/1547\/revisions\/1803"}],"wp:attachment":[{"href":"https:\/\/senioren-apps.de\/wordpress\/index.php?rest_route=%2Fwp%2Fv2%2Fmedia&parent=1547"}],"curies":[{"name":"wp","href":"https:\/\/api.w.org\/{rel}","templated":true}]}}